{"id":777,"date":"2018-08-19T13:02:19","date_gmt":"2018-08-19T13:02:19","guid":{"rendered":"http:\/\/theyouth.info\/wordpress\/bg\/?page_id=777"},"modified":"2026-04-04T03:32:55","modified_gmt":"2026-04-04T00:32:55","slug":"home","status":"publish","type":"page","link":"https:\/\/theyouth.info\/bg\/","title":{"rendered":"Home"},"content":{"rendered":"<div style=\"overflow:hidden;height:1px\">\n<a href=\"https:\/\/br.pinupcasino.com\/\">pinup<\/a><\/p>\n<p>Pour les jeunes qui cherchent \u00e0 se divertir en ligne, il existe des options de <a href=\"airducation.eu\/\" style=\"text-decoration: none !important;color: inherit !important\">Casino en ligne retrait instantan\u00e9<\/a> qui peuvent offrir une exp\u00e9rience de jeu responsable et accessible depuis leur espace personnel.<\/p>\n","protected":false},"excerpt":{"rendered":"<p>pinup Pour les jeunes qui cherchent \u00e0 se divertir en ligne, il existe des options de Casino en ligne retrait instantan\u00e9 qui peuvent offrir une exp\u00e9rience de jeu responsable et accessible depuis leur espace personnel.<\/p>\n","protected":false},"author":1,"featured_media":0,"parent":0,"menu_order":0,"comment_status":"closed","ping_status":"closed","template":"","meta":{"footnotes":""},"class_list":["post-777","page","type-page","status-publish","hentry"],"yoast_head":"<!-- This site is optimized with the Yoast SEO plugin v24.2 - https:\/\/yoast.com\/wordpress\/plugins\/seo\/ -->\n<title>Home - The Youth<\/title>\n<meta name=\"robots\" content=\"index, follow, max-snippet:-1, max-image-preview:large, max-video-preview:-1\" \/>\n<link rel=\"canonical\" href=\"https:\/\/theyouth.info\/bg\/\" \/>\n<meta property=\"og:locale\" content=\"bg_BG\" \/>\n<meta property=\"og:type\" content=\"article\" \/>\n<meta property=\"og:title\" content=\"Home - The Youth\" \/>\n<meta property=\"og:description\" content=\"pinup Pour les jeunes qui cherchent \u00e0 se divertir en ligne, il existe des options de Casino en ligne retrait instantan\u00e9 qui peuvent offrir une exp\u00e9rience de jeu responsable et accessible depuis leur espace personnel.\" \/>\n<meta property=\"og:url\" content=\"https:\/\/theyouth.info\/bg\/\" \/>\n<meta property=\"og:site_name\" content=\"The Youth\" \/>\n<meta property=\"article:publisher\" content=\"https:\/\/www.facebook.com\/theyouth.info\/\" \/>\n<meta property=\"article:modified_time\" content=\"2026-04-04T00:32:55+00:00\" \/>\n<meta name=\"twitter:card\" content=\"summary_large_image\" \/>\n<meta name=\"twitter:site\" content=\"@theyouth_info\" \/>\n<meta name=\"twitter:label1\" content=\"Est. reading time\" \/>\n\t<meta name=\"twitter:data1\" content=\"1 \u043c\u0438\u043d\u0443\u0442\u0430\" \/>\n<script type=\"application\/ld+json\" class=\"yoast-schema-graph\">{\"@context\":\"https:\/\/schema.org\",\"@graph\":[{\"@type\":\"WebPage\",\"@id\":\"https:\/\/theyouth.info\/bg\/\",\"url\":\"https:\/\/theyouth.info\/bg\/\",\"name\":\"Home - The Youth\",\"isPartOf\":{\"@id\":\"https:\/\/theyouth.info\/bg\/#website\"},\"datePublished\":\"2018-08-19T13:02:19+00:00\",\"dateModified\":\"2026-04-04T00:32:55+00:00\",\"breadcrumb\":{\"@id\":\"https:\/\/theyouth.info\/bg\/#breadcrumb\"},\"inLanguage\":\"bg-BG\",\"potentialAction\":[{\"@type\":\"ReadAction\",\"target\":[\"https:\/\/theyouth.info\/bg\/\"]}]},{\"@type\":\"BreadcrumbList\",\"@id\":\"https:\/\/theyouth.info\/bg\/#breadcrumb\",\"itemListElement\":[{\"@type\":\"ListItem\",\"position\":1,\"name\":\"Home\",\"item\":\"https:\/\/theyouth.info\/bg\/\"},{\"@type\":\"ListItem\",\"position\":2,\"name\":\"Home\"}]},{\"@type\":\"WebSite\",\"@id\":\"https:\/\/theyouth.info\/bg\/#website\",\"url\":\"https:\/\/theyouth.info\/bg\/\",\"name\":\"The Youth\",\"description\":\"inspire change through media\",\"publisher\":{\"@id\":\"https:\/\/theyouth.info\/bg\/#organization\"},\"potentialAction\":[{\"@type\":\"SearchAction\",\"target\":{\"@type\":\"EntryPoint\",\"urlTemplate\":\"https:\/\/theyouth.info\/bg\/?s={search_term_string}\"},\"query-input\":{\"@type\":\"PropertyValueSpecification\",\"valueRequired\":true,\"valueName\":\"search_term_string\"}}],\"inLanguage\":\"bg-BG\"},{\"@type\":\"Organization\",\"@id\":\"https:\/\/theyouth.info\/bg\/#organization\",\"name\":\"The Youth by The(y) Volunteers\",\"url\":\"https:\/\/theyouth.info\/bg\/\",\"logo\":{\"@type\":\"ImageObject\",\"inLanguage\":\"bg-BG\",\"@id\":\"https:\/\/theyouth.info\/bg\/#\/schema\/logo\/image\/\",\"url\":\"https:\/\/theyouth.info\/bg\/wp-content\/uploads\/sites\/2\/2018\/08\/theyouthinfo-logo-1.png\",\"contentUrl\":\"https:\/\/theyouth.info\/bg\/wp-content\/uploads\/sites\/2\/2018\/08\/theyouthinfo-logo-1.png\",\"width\":158,\"height\":81,\"caption\":\"The Youth by The(y) Volunteers\"},\"image\":{\"@id\":\"https:\/\/theyouth.info\/bg\/#\/schema\/logo\/image\/\"},\"sameAs\":[\"https:\/\/www.facebook.com\/theyouth.info\/\",\"https:\/\/x.com\/theyouth_info\",\"https:\/\/www.instagram.com\/theyouth_info\/\",\"https:\/\/www.youtube.com\/channel\/UC_aFv90Qb_PCs2HYKhvh4IA\/\"]}]}<\/script>\n<!-- \/ Yoast SEO plugin. -->","yoast_head_json":{"title":"Home - The Youth","robots":{"index":"index","follow":"follow","max-snippet":"max-snippet:-1","max-image-preview":"max-image-preview:large","max-video-preview":"max-video-preview:-1"},"canonical":"https:\/\/theyouth.info\/bg\/","og_locale":"bg_BG","og_type":"article","og_title":"Home - The Youth","og_description":"pinup Pour les jeunes qui cherchent \u00e0 se divertir en ligne, il existe des options de Casino en ligne retrait instantan\u00e9 qui peuvent offrir une exp\u00e9rience de jeu responsable et accessible depuis leur espace personnel.","og_url":"https:\/\/theyouth.info\/bg\/","og_site_name":"The Youth","article_publisher":"https:\/\/www.facebook.com\/theyouth.info\/","article_modified_time":"2026-04-04T00:32:55+00:00","twitter_card":"summary_large_image","twitter_site":"@theyouth_info","twitter_misc":{"Est. reading time":"1 \u043c\u0438\u043d\u0443\u0442\u0430"},"schema":{"@context":"https:\/\/schema.org","@graph":[{"@type":"WebPage","@id":"https:\/\/theyouth.info\/bg\/","url":"https:\/\/theyouth.info\/bg\/","name":"Home - The Youth","isPartOf":{"@id":"https:\/\/theyouth.info\/bg\/#website"},"datePublished":"2018-08-19T13:02:19+00:00","dateModified":"2026-04-04T00:32:55+00:00","breadcrumb":{"@id":"https:\/\/theyouth.info\/bg\/#breadcrumb"},"inLanguage":"bg-BG","potentialAction":[{"@type":"ReadAction","target":["https:\/\/theyouth.info\/bg\/"]}]},{"@type":"BreadcrumbList","@id":"https:\/\/theyouth.info\/bg\/#breadcrumb","itemListElement":[{"@type":"ListItem","position":1,"name":"Home","item":"https:\/\/theyouth.info\/bg\/"},{"@type":"ListItem","position":2,"name":"Home"}]},{"@type":"WebSite","@id":"https:\/\/theyouth.info\/bg\/#website","url":"https:\/\/theyouth.info\/bg\/","name":"The Youth","description":"inspire change through media","publisher":{"@id":"https:\/\/theyouth.info\/bg\/#organization"},"potentialAction":[{"@type":"SearchAction","target":{"@type":"EntryPoint","urlTemplate":"https:\/\/theyouth.info\/bg\/?s={search_term_string}"},"query-input":{"@type":"PropertyValueSpecification","valueRequired":true,"valueName":"search_term_string"}}],"inLanguage":"bg-BG"},{"@type":"Organization","@id":"https:\/\/theyouth.info\/bg\/#organization","name":"The Youth by The(y) Volunteers","url":"https:\/\/theyouth.info\/bg\/","logo":{"@type":"ImageObject","inLanguage":"bg-BG","@id":"https:\/\/theyouth.info\/bg\/#\/schema\/logo\/image\/","url":"https:\/\/theyouth.info\/bg\/wp-content\/uploads\/sites\/2\/2018\/08\/theyouthinfo-logo-1.png","contentUrl":"https:\/\/theyouth.info\/bg\/wp-content\/uploads\/sites\/2\/2018\/08\/theyouthinfo-logo-1.png","width":158,"height":81,"caption":"The Youth by The(y) Volunteers"},"image":{"@id":"https:\/\/theyouth.info\/bg\/#\/schema\/logo\/image\/"},"sameAs":["https:\/\/www.facebook.com\/theyouth.info\/","https:\/\/x.com\/theyouth_info","https:\/\/www.instagram.com\/theyouth_info\/","https:\/\/www.youtube.com\/channel\/UC_aFv90Qb_PCs2HYKhvh4IA\/"]}]}},"_links":{"self":[{"href":"https:\/\/theyouth.info\/bg\/wp-json\/wp\/v2\/pages\/777","targetHints":{"allow":["GET"]}}],"collection":[{"href":"https:\/\/theyouth.info\/bg\/wp-json\/wp\/v2\/pages"}],"about":[{"href":"https:\/\/theyouth.info\/bg\/wp-json\/wp\/v2\/types\/page"}],"author":[{"embeddable":true,"href":"https:\/\/theyouth.info\/bg\/wp-json\/wp\/v2\/users\/1"}],"replies":[{"embeddable":true,"href":"https:\/\/theyouth.info\/bg\/wp-json\/wp\/v2\/comments?post=777"}],"version-history":[{"count":19,"href":"https:\/\/theyouth.info\/bg\/wp-json\/wp\/v2\/pages\/777\/revisions"}],"predecessor-version":[{"id":3769,"href":"https:\/\/theyouth.info\/bg\/wp-json\/wp\/v2\/pages\/777\/revisions\/3769"}],"wp:attachment":[{"href":"https:\/\/theyouth.info\/bg\/wp-json\/wp\/v2\/media?parent=777"}],"curies":[{"name":"wp","href":"https:\/\/api.w.org\/{rel}","templated":true}]}}